{"id":12,"date":"2020-01-09T20:43:05","date_gmt":"2020-01-09T19:43:05","guid":{"rendered":"http:\/\/rafael-leng.de\/?page_id=12"},"modified":"2020-01-10T20:58:27","modified_gmt":"2020-01-10T19:58:27","slug":"home","status":"publish","type":"page","link":"https:\/\/rafael-leng.de\/","title":{"rendered":"Home"},"content":{"rendered":"\n<style type=\"text\/css\" data-created_by=\"avia_inline_auto\" id=\"style-css-av-2arn0-fb74cd9666433d9d28a9669aa795d8e5\">\n.flex_column.av-2arn0-fb74cd9666433d9d28a9669aa795d8e5{\n-webkit-border-radius:0px 0px 0px 0px;\n-moz-border-radius:0px 0px 0px 0px;\nborder-radius:0px 0px 0px 0px;\npadding:0px 0px 0px 0px;\n}\n<\/style>\n<div class='flex_column av-2arn0-fb74cd9666433d9d28a9669aa795d8e5 av_one_third  avia-builder-el-0  el_before_av_one_third  avia-builder-el-first  first flex_column_div av-zero-column-padding '     ><p>\n<style type=\"text\/css\" data-created_by=\"avia_inline_auto\" id=\"style-css-av-k5750v4o-6c6f971f6b31674da55e11483c9263fe\">\n.avia-image-container.av-k5750v4o-6c6f971f6b31674da55e11483c9263fe img.avia_image{\nbox-shadow:none;\n}\n.avia-image-container.av-k5750v4o-6c6f971f6b31674da55e11483c9263fe .av-image-caption-overlay-center{\ncolor:#ffffff;\n}\n<\/style>\n<div  class='avia-image-container av-k5750v4o-6c6f971f6b31674da55e11483c9263fe av-styling- av-hover-grow avia-align-center  avia-builder-el-1  el_before_av_heading  avia-builder-el-first '   itemprop=\"image\" itemscope=\"itemscope\" itemtype=\"https:\/\/schema.org\/ImageObject\" ><div class=\"avia-image-container-inner\"><div class=\"avia-image-overlay-wrap\"><img class='wp-image-14 avia-img-lazy-loading-not-14 avia_image ' src='https:\/\/rafael-leng.de\/wp-content\/uploads\/2020\/01\/Schwert-1-e1578677708863.png' alt='Das Schwert von Wigrid Teil 1' title='Das Schwert von Wigrid Teil 1'  height=\"926\" width=\"668\"  itemprop=\"thumbnailUrl\"  \/><\/div><\/div><\/div><br \/>\n\n<style type=\"text\/css\" data-created_by=\"avia_inline_auto\" id=\"style-css-av-oqfw-64ba8fbef0243a50638c856c6cf986de\">\n#top .av-special-heading.av-oqfw-64ba8fbef0243a50638c856c6cf986de{\npadding-bottom:10px;\n}\nbody .av-special-heading.av-oqfw-64ba8fbef0243a50638c856c6cf986de .av-special-heading-tag .heading-char{\nfont-size:25px;\n}\n.av-special-heading.av-oqfw-64ba8fbef0243a50638c856c6cf986de .av-subheading{\nfont-size:15px;\n}\n<\/style>\n<div  class='av-special-heading av-oqfw-64ba8fbef0243a50638c856c6cf986de av-special-heading-h3 blockquote modern-quote modern-centered  avia-builder-el-2  el_after_av_image  el_before_av_hr  av-linked-heading'><h3 class='av-special-heading-tag'  itemprop=\"headline\"  ><a class=\"av-heading-link\" href=\"https:\/\/rafael-leng.de\/?page_id=25\">Das Schwert von Wigrid &#8211; Teil 1<\/a><\/h3><div class=\"special-heading-border\"><div class=\"special-heading-inner-border\"><\/div><\/div><\/div><br \/>\n\n<style type=\"text\/css\" data-created_by=\"avia_inline_auto\" id=\"style-css-av-16jew-499cfa8392bb1b62b4cbe9fe1905d970\">\n#top .hr.av-16jew-499cfa8392bb1b62b4cbe9fe1905d970{\nmargin-top:5px;\nmargin-bottom:5px;\n}\n.hr.av-16jew-499cfa8392bb1b62b4cbe9fe1905d970 .hr-inner{\nwidth:100%;\nborder-color:#ffffff;\n}\n<\/style>\n<div  class='hr av-16jew-499cfa8392bb1b62b4cbe9fe1905d970 hr-custom  avia-builder-el-3  el_after_av_heading  el_before_av_textblock  hr-center hr-icon-no'><span class='hr-inner inner-border-av-border-thin'><span class=\"hr-inner-style\"><\/span><\/span><\/div><br \/>\n<section  class='av_textblock_section av-k577512j-0e32127fdfc6fc79393453d943cf1acc'  itemscope=\"itemscope\" itemtype=\"https:\/\/schema.org\/CreativeWork\" ><div class='avia_textblock'  itemprop=\"text\" ><p style=\"text-align: justify;\">Geheimnisvolle Wesen erscheinen im fernen K\u00f6nigreich \u00c5sgard, keiner wei\u00df ob sie gut oder b\u00f6se sind. Als sich Bragor, Prinz von \u00c5sgard, und sein treuer Gef\u00e4hrte Ares auf den Weg machen, um dies heraus zu finden werden sie pl\u00f6tzlich von fliegenden d\u00e4monischen Schatten verfolgt, die sie t\u00f6ten wollen. Die Lage eskaliert und sie m\u00fcssen aus \u00c5sgard fliehen&#8230;<\/p>\n<\/div><\/section><br \/>\n\n<style type=\"text\/css\" data-created_by=\"avia_inline_auto\" id=\"style-css-av-k577m3t8-79e1cabfa3e2c4e1c926916a281701bd\">\n#top .hr.hr-invisible.av-k577m3t8-79e1cabfa3e2c4e1c926916a281701bd{\nheight:10px;\n}\n<\/style>\n<div  class='hr av-k577m3t8-79e1cabfa3e2c4e1c926916a281701bd hr-invisible  avia-builder-el-5  el_after_av_textblock  el_before_av_button '><span class='hr-inner '><span class=\"hr-inner-style\"><\/span><\/span><\/div><br \/>\n<div  class='avia-button-wrap av-k577g9jk-0b2d198ad8bed2bd481ce8660f73edbe-wrap avia-button-center  avia-builder-el-6  el_after_av_hr  avia-builder-el-last ' ><a href='https:\/\/rafael-leng.de\/?page_id=25'  class='avia-button av-k577g9jk-0b2d198ad8bed2bd481ce8660f73edbe avia-icon_select-no avia-size-x-large avia-position-center avia-color-theme-color' ><span class='avia_iconbox_title' >... mehr zum Buch<\/span><\/a><\/div><\/p><\/div>\n\n<style type=\"text\/css\" data-created_by=\"avia_inline_auto\" id=\"style-css-av-1c0sg-454af1b91517d6c0169fae7491157d8e\">\n.flex_column.av-1c0sg-454af1b91517d6c0169fae7491157d8e{\n-webkit-border-radius:0px 0px 0px 0px;\n-moz-border-radius:0px 0px 0px 0px;\nborder-radius:0px 0px 0px 0px;\npadding:0px 0px 0px 0px;\n}\n<\/style>\n<div class='flex_column av-1c0sg-454af1b91517d6c0169fae7491157d8e av_one_third  avia-builder-el-7  el_after_av_one_third  el_before_av_one_third  flex_column_div av-zero-column-padding '     ><p>\n<style type=\"text\/css\" data-created_by=\"avia_inline_auto\" id=\"style-css-av-k575231s-4b67c435334b74a17d08e3a038c437b9\">\n.avia-image-container.av-k575231s-4b67c435334b74a17d08e3a038c437b9 img.avia_image{\nbox-shadow:none;\n}\n.avia-image-container.av-k575231s-4b67c435334b74a17d08e3a038c437b9 .av-image-caption-overlay-center{\ncolor:#ffffff;\n}\n<\/style>\n<div  class='avia-image-container av-k575231s-4b67c435334b74a17d08e3a038c437b9 av-styling- av-hover-grow avia-align-center  avia-builder-el-8  el_before_av_heading  avia-builder-el-first '   itemprop=\"image\" itemscope=\"itemscope\" itemtype=\"https:\/\/schema.org\/ImageObject\" ><div class=\"avia-image-container-inner\"><div class=\"avia-image-overlay-wrap\"><img class='wp-image-17 avia-img-lazy-loading-not-17 avia_image ' src='https:\/\/rafael-leng.de\/wp-content\/uploads\/2020\/01\/Schwert-2-1-e1578677673744.png' alt='Das Schwert von Wigrid Teil 2' title='Das Schwert von Wigrid Teil 2'  height=\"931\" width=\"665\"  itemprop=\"thumbnailUrl\"  \/><\/div><\/div><\/div><br \/>\n\n<style type=\"text\/css\" data-created_by=\"avia_inline_auto\" id=\"style-css-av-av_heading-26754816d5cbb59ff3d28f310884a138\">\n#top .av-special-heading.av-av_heading-26754816d5cbb59ff3d28f310884a138{\npadding-bottom:10px;\n}\nbody .av-special-heading.av-av_heading-26754816d5cbb59ff3d28f310884a138 .av-special-heading-tag .heading-char{\nfont-size:25px;\n}\n.av-special-heading.av-av_heading-26754816d5cbb59ff3d28f310884a138 .av-subheading{\nfont-size:15px;\n}\n<\/style>\n<div  class='av-special-heading av-av_heading-26754816d5cbb59ff3d28f310884a138 av-special-heading-h3 blockquote modern-quote modern-centered  avia-builder-el-9  el_after_av_image  el_before_av_hr  av-linked-heading'><h3 class='av-special-heading-tag'  itemprop=\"headline\"  ><a class=\"av-heading-link\" href=\"https:\/\/rafael-leng.de\/?page_id=27\">Das Schwert von Wigrid &#8211; Teil 2<\/a><\/h3><div class=\"special-heading-border\"><div class=\"special-heading-inner-border\"><\/div><\/div><\/div><br \/>\n\n<style type=\"text\/css\" data-created_by=\"avia_inline_auto\" id=\"style-css-av-16jew-499cfa8392bb1b62b4cbe9fe1905d970\">\n#top .hr.av-16jew-499cfa8392bb1b62b4cbe9fe1905d970{\nmargin-top:5px;\nmargin-bottom:5px;\n}\n.hr.av-16jew-499cfa8392bb1b62b4cbe9fe1905d970 .hr-inner{\nwidth:100%;\nborder-color:#ffffff;\n}\n<\/style>\n<div  class='hr av-16jew-499cfa8392bb1b62b4cbe9fe1905d970 hr-custom  avia-builder-el-10  el_after_av_heading  el_before_av_textblock  hr-center hr-icon-no'><span class='hr-inner inner-border-av-border-thin'><span class=\"hr-inner-style\"><\/span><\/span><\/div><br \/>\n<section  class='av_textblock_section av-k577512j-0e32127fdfc6fc79393453d943cf1acc'  itemscope=\"itemscope\" itemtype=\"https:\/\/schema.org\/CreativeWork\" ><div class='avia_textblock'  itemprop=\"text\" ><p style=\"text-align: justify;\">Die Niederlage gegen Baldur, den Dunklen Herrscher, schmerzt noch, da ziehen Ares und Bragor mit ihren treuen Begleitern erneut weiter. Chaos und Verw\u00fcstung s\u00e4umen ihren Weg. Das Wirken des B\u00f6sen scheint allgegenw\u00e4rtig. Angetrieben vom Glauben an Frieden und Harmonie trotzen die beiden grauenvollen Monstern&#8230;<\/p>\n<\/div><\/section><br \/>\n\n<style type=\"text\/css\" data-created_by=\"avia_inline_auto\" id=\"style-css-av-k577m3t8-79e1cabfa3e2c4e1c926916a281701bd\">\n#top .hr.hr-invisible.av-k577m3t8-79e1cabfa3e2c4e1c926916a281701bd{\nheight:10px;\n}\n<\/style>\n<div  class='hr av-k577m3t8-79e1cabfa3e2c4e1c926916a281701bd hr-invisible  avia-builder-el-12  el_after_av_textblock  el_before_av_button '><span class='hr-inner '><span class=\"hr-inner-style\"><\/span><\/span><\/div><br \/>\n<div  class='avia-button-wrap av-k577g9jk-41b81335495c2acf80fdbdc6c9279417-wrap avia-button-center  avia-builder-el-13  el_after_av_hr  avia-builder-el-last ' ><a href='https:\/\/rafael-leng.de\/?page_id=27'  class='avia-button av-k577g9jk-41b81335495c2acf80fdbdc6c9279417 avia-icon_select-no avia-size-x-large avia-position-center avia-color-theme-color' ><span class='avia_iconbox_title' >... mehr zum Buch<\/span><\/a><\/div><\/p><\/div>\n<style type=\"text\/css\" data-created_by=\"avia_inline_auto\" id=\"style-css-av-vk4c-128494a8c73c1e216570e0429e0d480c\">\n.flex_column.av-vk4c-128494a8c73c1e216570e0429e0d480c{\n-webkit-border-radius:0px 0px 0px 0px;\n-moz-border-radius:0px 0px 0px 0px;\nborder-radius:0px 0px 0px 0px;\npadding:0px 0px 0px 0px;\n}\n<\/style>\n<div class='flex_column av-vk4c-128494a8c73c1e216570e0429e0d480c av_one_third  avia-builder-el-14  el_after_av_one_third  avia-builder-el-last  flex_column_div av-zero-column-padding '     ><p>\n<style type=\"text\/css\" data-created_by=\"avia_inline_auto\" id=\"style-css-av-k5752edb-fa189af0e55370bc15e3ecdf3ad08e84\">\n.avia-image-container.av-k5752edb-fa189af0e55370bc15e3ecdf3ad08e84 img.avia_image{\nbox-shadow:none;\n}\n.avia-image-container.av-k5752edb-fa189af0e55370bc15e3ecdf3ad08e84 .av-image-caption-overlay-center{\ncolor:#ffffff;\n}\n<\/style>\n<div  class='avia-image-container av-k5752edb-fa189af0e55370bc15e3ecdf3ad08e84 av-styling- av-hover-grow avia-align-center  avia-builder-el-15  el_before_av_heading  avia-builder-el-first '   itemprop=\"image\" itemscope=\"itemscope\" itemtype=\"https:\/\/schema.org\/ImageObject\" ><div class=\"avia-image-container-inner\"><div class=\"avia-image-overlay-wrap\"><img class='wp-image-16 avia-img-lazy-loading-not-16 avia_image ' src='https:\/\/rafael-leng.de\/wp-content\/uploads\/2020\/01\/Teufel-e1578677646155.png' alt='Empathie f\u00fcr den Teufel' title='Empathie f\u00fcr den Teufel'  height=\"939\" width=\"670\"  itemprop=\"thumbnailUrl\"  \/><\/div><\/div><\/div><br \/>\n\n<style type=\"text\/css\" data-created_by=\"avia_inline_auto\" id=\"style-css-av-av_heading-73e6e71fbfc4ffb25c6d77c447d58936\">\n#top .av-special-heading.av-av_heading-73e6e71fbfc4ffb25c6d77c447d58936{\npadding-bottom:10px;\n}\nbody .av-special-heading.av-av_heading-73e6e71fbfc4ffb25c6d77c447d58936 .av-special-heading-tag .heading-char{\nfont-size:25px;\n}\n.av-special-heading.av-av_heading-73e6e71fbfc4ffb25c6d77c447d58936 .av-subheading{\nfont-size:15px;\n}\n<\/style>\n<div  class='av-special-heading av-av_heading-73e6e71fbfc4ffb25c6d77c447d58936 av-special-heading-h3 blockquote modern-quote modern-centered  avia-builder-el-16  el_after_av_image  el_before_av_hr  av-linked-heading'><h3 class='av-special-heading-tag'  itemprop=\"headline\"  ><a class=\"av-heading-link\" href=\"https:\/\/rafael-leng.de\/?page_id=23\">Empathie f\u00fcr den Teufel<\/a><\/h3><div class=\"special-heading-border\"><div class=\"special-heading-inner-border\"><\/div><\/div><\/div><br \/>\n\n<style type=\"text\/css\" data-created_by=\"avia_inline_auto\" id=\"style-css-av-16jew-499cfa8392bb1b62b4cbe9fe1905d970\">\n#top .hr.av-16jew-499cfa8392bb1b62b4cbe9fe1905d970{\nmargin-top:5px;\nmargin-bottom:5px;\n}\n.hr.av-16jew-499cfa8392bb1b62b4cbe9fe1905d970 .hr-inner{\nwidth:100%;\nborder-color:#ffffff;\n}\n<\/style>\n<div  class='hr av-16jew-499cfa8392bb1b62b4cbe9fe1905d970 hr-custom  avia-builder-el-17  el_after_av_heading  el_before_av_textblock  hr-center hr-icon-no'><span class='hr-inner inner-border-av-border-thin'><span class=\"hr-inner-style\"><\/span><\/span><\/div><br \/>\n<section  class='av_textblock_section av-k577512j-0e32127fdfc6fc79393453d943cf1acc'  itemscope=\"itemscope\" itemtype=\"https:\/\/schema.org\/CreativeWork\" ><div class='avia_textblock'  itemprop=\"text\" ><p style=\"text-align: justify;\">Die Arch\u00e4ologin Dr. Diana Svenson lebt in Lemuriastan und ist davon \u00fcberzeugt eine gew\u00f6hnliche Frau zu sein. Dabei spricht Diana unz\u00e4hlige Sprachen flie\u00dfend und schwere Verletzungen verheilen bei ihr in Rekordzeit. Auch sieht Diana alle mythischen Wesen, mit denen die Menschen auf der Welt leben&#8230;<\/p>\n<\/div><\/section><br \/>\n\n<style type=\"text\/css\" data-created_by=\"avia_inline_auto\" id=\"style-css-av-k577m3t8-79e1cabfa3e2c4e1c926916a281701bd\">\n#top .hr.hr-invisible.av-k577m3t8-79e1cabfa3e2c4e1c926916a281701bd{\nheight:10px;\n}\n<\/style>\n<div  class='hr av-k577m3t8-79e1cabfa3e2c4e1c926916a281701bd hr-invisible  avia-builder-el-19  el_after_av_textblock  el_before_av_button '><span class='hr-inner '><span class=\"hr-inner-style\"><\/span><\/span><\/div><br \/>\n<div  class='avia-button-wrap av-k577g9jk-c6e55a5995aaab06c00f0cfc924f6742-wrap avia-button-center  avia-builder-el-20  el_after_av_hr  avia-builder-el-last ' ><a href='https:\/\/rafael-leng.de\/?page_id=23'  class='avia-button av-k577g9jk-c6e55a5995aaab06c00f0cfc924f6742 avia-icon_select-no avia-size-x-large avia-position-center avia-color-theme-color' ><span class='avia_iconbox_title' >... mehr zum Buch<\/span><\/a><\/div><\/p><\/div><\/p>\n","protected":false},"excerpt":{"rendered":"","protected":false},"author":1,"featured_media":0,"parent":0,"menu_order":0,"comment_status":"closed","ping_status":"closed","template":"","meta":{"footnotes":""},"class_list":["post-12","page","type-page","status-publish","hentry"],"_links":{"self":[{"href":"https:\/\/rafael-leng.de\/index.php?rest_route=\/wp\/v2\/pages\/12","targetHints":{"allow":["GET"]}}],"collection":[{"href":"https:\/\/rafael-leng.de\/index.php?rest_route=\/wp\/v2\/pages"}],"about":[{"href":"https:\/\/rafael-leng.de\/index.php?rest_route=\/wp\/v2\/types\/page"}],"author":[{"embeddable":true,"href":"https:\/\/rafael-leng.de\/index.php?rest_route=\/wp\/v2\/users\/1"}],"replies":[{"embeddable":true,"href":"https:\/\/rafael-leng.de\/index.php?rest_route=%2Fwp%2Fv2%2Fcomments&post=12"}],"version-history":[{"count":34,"href":"https:\/\/rafael-leng.de\/index.php?rest_route=\/wp\/v2\/pages\/12\/revisions"}],"predecessor-version":[{"id":176,"href":"https:\/\/rafael-leng.de\/index.php?rest_route=\/wp\/v2\/pages\/12\/revisions\/176"}],"wp:attachment":[{"href":"https:\/\/rafael-leng.de\/index.php?rest_route=%2Fwp%2Fv2%2Fmedia&parent=12"}],"curies":[{"name":"wp","href":"https:\/\/api.w.org\/{rel}","templated":true}]}}