{"id":23,"date":"2020-01-09T20:46:00","date_gmt":"2020-01-09T19:46:00","guid":{"rendered":"http:\/\/rafael-leng.de\/?page_id=23"},"modified":"2020-01-10T21:06:58","modified_gmt":"2020-01-10T20:06:58","slug":"empahtie-fuer-den-teufel","status":"publish","type":"page","link":"https:\/\/rafael-leng.de\/?page_id=23","title":{"rendered":"Empahtie f\u00fcr den Teufel"},"content":{"rendered":"\n<style type=\"text\/css\" data-created_by=\"avia_inline_auto\" id=\"style-css-av-1qbb1-d1c85c9cbda95109a6c66868687fdf90\">\n.flex_column.av-1qbb1-d1c85c9cbda95109a6c66868687fdf90{\n-webkit-border-radius:0px 0px 0px 0px;\n-moz-border-radius:0px 0px 0px 0px;\nborder-radius:0px 0px 0px 0px;\npadding:0px 0px 0px 0px;\n}\n<\/style>\n<div class='flex_column av-1qbb1-d1c85c9cbda95109a6c66868687fdf90 av_one_third  avia-builder-el-0  el_before_av_two_third  avia-builder-el-first  first flex_column_div av-zero-column-padding '     ><style type=\"text\/css\" data-created_by=\"avia_inline_auto\" id=\"style-css-av-k57amaad-c3b68b401f6ca878ddfa9db163ed5614\">\n.avia-image-container.av-k57amaad-c3b68b401f6ca878ddfa9db163ed5614 img.avia_image{\nbox-shadow:none;\n}\n.avia-image-container.av-k57amaad-c3b68b401f6ca878ddfa9db163ed5614 .av-image-caption-overlay-center{\ncolor:#ffffff;\n}\n<\/style>\n<div  class='avia-image-container av-k57amaad-c3b68b401f6ca878ddfa9db163ed5614 av-styling- av-hover-grow avia-align-center  avia-builder-el-1  avia-builder-el-no-sibling '   itemprop=\"image\" itemscope=\"itemscope\" itemtype=\"https:\/\/schema.org\/ImageObject\" ><div class=\"avia-image-container-inner\"><div class=\"avia-image-overlay-wrap\"><img class='wp-image-16 avia-img-lazy-loading-not-16 avia_image ' src='https:\/\/rafael-leng.de\/wp-content\/uploads\/2020\/01\/Teufel-e1578677646155.png' alt='Empathie f\u00fcr den Teufel' title='Empathie f\u00fcr den Teufel'  height=\"939\" width=\"670\"  itemprop=\"thumbnailUrl\"  \/><\/div><\/div><\/div><\/div>\n\n<style type=\"text\/css\" data-created_by=\"avia_inline_auto\" id=\"style-css-av-ysy9-a574be1a710a742c9ec5b084929f87f1\">\n.flex_column.av-ysy9-a574be1a710a742c9ec5b084929f87f1{\n-webkit-border-radius:0px 0px 0px 0px;\n-moz-border-radius:0px 0px 0px 0px;\nborder-radius:0px 0px 0px 0px;\npadding:0px 0px 0px 0px;\n}\n<\/style>\n<div class='flex_column av-ysy9-a574be1a710a742c9ec5b084929f87f1 av_two_third  avia-builder-el-2  el_after_av_one_third  el_before_av_heading  flex_column_div av-zero-column-padding '     ><p>\n<style type=\"text\/css\" data-created_by=\"avia_inline_auto\" id=\"style-css-av-2a91v-e8c33727bc8dd9d23c05e8e131d5f7b6\">\n#top .av-special-heading.av-2a91v-e8c33727bc8dd9d23c05e8e131d5f7b6{\npadding-bottom:35px;\n}\nbody .av-special-heading.av-2a91v-e8c33727bc8dd9d23c05e8e131d5f7b6 .av-special-heading-tag .heading-char{\nfont-size:25px;\n}\n.av-special-heading.av-2a91v-e8c33727bc8dd9d23c05e8e131d5f7b6 .av-subheading{\nfont-size:15px;\n}\n<\/style>\n<div  class='av-special-heading av-2a91v-e8c33727bc8dd9d23c05e8e131d5f7b6 av-special-heading-h1 blockquote modern-quote  avia-builder-el-3  el_before_av_heading  avia-builder-el-first '><h1 class='av-special-heading-tag'  itemprop=\"headline\"  >Empathie f\u00fcr den Teufel<\/h1><div class=\"special-heading-border\"><div class=\"special-heading-inner-border\"><\/div><\/div><\/div><br \/>\n\n<style type=\"text\/css\" data-created_by=\"avia_inline_auto\" id=\"style-css-av-1p467-51ccfa165207dbf09624c3ca62fa6961\">\n#top .av-special-heading.av-1p467-51ccfa165207dbf09624c3ca62fa6961{\nmargin:0 0 0 0;\npadding-bottom:10px;\n}\nbody .av-special-heading.av-1p467-51ccfa165207dbf09624c3ca62fa6961 .av-special-heading-tag .heading-char{\nfont-size:25px;\n}\n.av-special-heading.av-1p467-51ccfa165207dbf09624c3ca62fa6961 .av-subheading{\nfont-size:15px;\n}\n<\/style>\n<div  class='av-special-heading av-1p467-51ccfa165207dbf09624c3ca62fa6961 av-special-heading-h3  avia-builder-el-4  el_after_av_heading  el_before_av_textblock '><h3 class='av-special-heading-tag'  itemprop=\"headline\"  >Klappentext<\/h3><div class=\"special-heading-border\"><div class=\"special-heading-inner-border\"><\/div><\/div><\/div><br \/>\n<section  class='av_textblock_section av-k57ann0j-b17fa30c6e6657e6fa884991b455b935'  itemscope=\"itemscope\" itemtype=\"https:\/\/schema.org\/CreativeWork\" ><div class='avia_textblock'  itemprop=\"text\" ><p style=\"text-align: justify;\">Die Arch\u00e4ologin Dr. Diana Svenson lebt in Lemuriastan und ist davon \u00fcberzeugt eine gew\u00f6hnliche Frau zu sein. Dabei spricht Diana unz\u00e4hlige Sprachen flie\u00dfend und schwere Verletzungen verheilen bei ihr in Rekordzeit. Auch sieht Diana alle mythischen Wesen, mit denen die Menschen auf der Welt leben, seien es Geister, Alfen, Ghoule, Selkies oder andere. Darum spricht ihre Geliebte Freya auch immer von Dianas Talent, wenn es um \u00fcbernat\u00fcrliche Dinge geht und bittet Diana dieses Talent weiter zu erforschen. Freya hat erkannt, dass Diana weit mehr ist, als eine gew\u00f6hnliche Frau. Diana schreckt jedoch davor zur\u00fcck, sie hat Angst, dass dadurch etwas Verborgenes in ihr geweckt wird, dass besser niemals geweckt werden w\u00fcrde.<\/p>\n<p style=\"text-align: justify;\">Denn wenn Diana w\u00fctend ist, bekommt jeder andere Mensch, bis auf Freya, eine Todesangst vor ihr und macht, was auch immer sie befiehlt. Aber Diana will, dass man sie aufgrund ihrer Pers\u00f6nlichkeit respektiert und nicht, weil man Panik vor ihr hat. Wenn jemand aber einen ihrer Freunde oder sie angreift, erfreut sich Diana an der Panik des Angreifers und reagiert entsprechend. Als ein Stalker nicht aufh\u00f6rt sie zu bel\u00e4stigen, t\u00f6tet sie ihn.<\/p>\n<p style=\"text-align: justify;\">Doch dann finden Attentate auf Diana statt und immer deutlicher wird, dass diese im Zusammenhang mit ihrem Talent stehen. Diana muss sich der Frage stellen wer oder was sie ist. Denn die Attentate werden mit \u00e4u\u00dferster Brutalit\u00e4t ausgef\u00fchrt und ohne R\u00fccksicht auf zus\u00e4tzliche Opfer. Diana erkennt, dass nicht nur ihr Leben in Gefahr ist, sondern auch das ihrer Freunde und von jedem, der sich in ihrer N\u00e4he aufh\u00e4lt.<\/p>\n<\/div><\/section><br \/>\n\n<style type=\"text\/css\" data-created_by=\"avia_inline_auto\" id=\"style-css-av-k57b4lvq-19c058fa7ad957c89554fdb3fe4546cf\">\n#top .hr.hr-invisible.av-k57b4lvq-19c058fa7ad957c89554fdb3fe4546cf{\nheight:15px;\n}\n<\/style>\n<div  class='hr av-k57b4lvq-19c058fa7ad957c89554fdb3fe4546cf hr-invisible  avia-builder-el-6  el_after_av_textblock  el_before_av_button_big  avia-builder-el-last '><span class='hr-inner '><span class=\"hr-inner-style\"><\/span><\/span><\/div><br \/>\n<div  class='avia-button-wrap avia-button-center  avia-builder-el-7  el_after_av_hr  el_before_av_hr ' >\n<style type=\"text\/css\" data-created_by=\"avia_inline_auto\" id=\"style-css-av-k57b3f4f-e63505708470ad89b4402cee892ebd9f\">\n#top #wrap_all .avia-button.av-k57b3f4f-e63505708470ad89b4402cee892ebd9f{\ncolor:#ffffff;\n-webkit-transition:all 0.4s ease-in-out;\n-moz-transition:all 0.4s ease-in-out;\n-ms-transition:all 0.4s ease-in-out;\n-o-transition:all 0.4s ease-in-out;\ntransition:all 0.4s ease-in-out;\n}\n#top #wrap_all .avia-button.av-k57b3f4f-e63505708470ad89b4402cee892ebd9f:hover{\ncolor:#ffffff;\n-webkit-transition:all 0.4s ease-in-out;\n-moz-transition:all 0.4s ease-in-out;\n-ms-transition:all 0.4s ease-in-out;\n-o-transition:all 0.4s ease-in-out;\ntransition:all 0.4s ease-in-out;\n}\n<\/style>\n<a href='https:\/\/www.amazon.de\/Empathie-f%C3%BCr-Teufel-Rafael-Leng\/dp\/3750403139\/ref=sr_1_3?qid=1578678082&amp;refinements=p_27%3ARafael+Leng&amp;s=books&amp;sr=1-3&amp;text=Rafael+Leng' class='avia-color-theme-color avia-button avia-button-fullwidth av-k57b3f4f-e63505708470ad89b4402cee892ebd9f avia-icon_select-no avia-color-theme-color' target=\"_blank\" rel=\"noopener noreferrer\"><span class='avia_iconbox_title' >Jetzt bestellen!<\/span><span class='avia_button_background avia-button avia-button-fullwidth avia-color-theme-color'><\/span><\/a><\/div><br \/>\n\n<style type=\"text\/css\" data-created_by=\"avia_inline_auto\" id=\"style-css-av-k57b4lvq-88c1ed8c4a43d550a1e147b207eef7ff\">\n#top .hr.hr-invisible.av-k57b4lvq-88c1ed8c4a43d550a1e147b207eef7ff{\nheight:20px;\n}\n<\/style>\n<div  class='hr av-k57b4lvq-88c1ed8c4a43d550a1e147b207eef7ff hr-invisible  avia-builder-el-8  el_after_av_button_big  avia-builder-el-no-sibling '><span class='hr-inner '><span class=\"hr-inner-style\"><\/span><\/span><\/div><\/p><\/div>\n\n<style type=\"text\/css\" data-created_by=\"avia_inline_auto\" id=\"style-css-av-av_heading-e930254712ffd1b323b4f44b17431e9a\">\n#top .av-special-heading.av-av_heading-e930254712ffd1b323b4f44b17431e9a{\npadding-bottom:10px;\n}\nbody .av-special-heading.av-av_heading-e930254712ffd1b323b4f44b17431e9a .av-special-heading-tag .heading-char{\nfont-size:25px;\n}\n.av-special-heading.av-av_heading-e930254712ffd1b323b4f44b17431e9a .av-subheading{\nfont-size:15px;\n}\n<\/style>\n<div  class='av-special-heading av-av_heading-e930254712ffd1b323b4f44b17431e9a av-special-heading-h3  avia-builder-el-9  el_after_av_two_third  el_before_av_textblock '><h3 class='av-special-heading-tag'  itemprop=\"headline\"  >Leseproben<\/h3><div class=\"special-heading-border\"><div class=\"special-heading-inner-border\"><\/div><\/div><\/div>\n<section  class='av_textblock_section av-k57ann0j-b17fa30c6e6657e6fa884991b455b935'  itemscope=\"itemscope\" itemtype=\"https:\/\/schema.org\/CreativeWork\" ><div class='avia_textblock'  itemprop=\"text\" ><p style=\"text-align: justify;\">Diana setzte sich in ihrer Meditationshaltung vor das Regal. Dabei lies sie sich ganz von ihren Empfindungen leiten. Sie empfand Stolz \u00fcber die wundervollen Objekte. Warum sie auf einmal das Gef\u00fchl hatte, man h\u00e4tte die Artefakte vor Jahrtausenden gefertigt nur um sie zu ehren, konnte sie sich nicht erkl\u00e4ren. Es war unlogisch, aber der Gedanke blieb. Die Kultgegenst\u00e4nde schlugen sie so in ihren Bann, dass sie nicht bemerkte wie sich die Atmosph\u00e4re im Zimmer ver\u00e4ndert hatte. Dass die Schatten l\u00e4nger und d\u00fcsterer geworden waren, dass sie Gestalt annahmen, sie wurden gro\u00df, bedrohlich, mit scharfen Klauen und spitzen F\u00e4ngen. Unbeirrt schweifte Dianas Blick \u00fcber die Antiquit\u00e4ten. Die Schatten hatten ihr Opfer gefunden, sie wollten den K\u00f6rper zerrei\u00dfen, die Seele foltern. Die richtige Anordnung der unheiligen, blasphemischen Objekte hatte sie geweckt und in diese Welt gef\u00fchrt. Nun verlangten sie nach Blut und der Seele ihres Opfers.<\/p>\n<p style=\"text-align: justify;\">Diana bekam davon nichts mit, sie sa\u00df im Lotussitz vor dem Regal und genoss den Augenblick. Sie gab sich ganz ihrer Stimmung hin und lies sich durch nichts st\u00f6ren, selbst denken w\u00fcrde jetzt nur st\u00f6ren. Das Licht des Mondes, das schwach durch das Fenster schien, gab dem Raum eine eigene Atmosph\u00e4re. Diana f\u00fchlte sich geborgen.<\/p>\n<p style=\"text-align: justify;\">Die Schatten hatten Diana umstellt, ihr Opfer blickte auf einen imagin\u00e4ren Punkt im nirgendwo. Sie brauchten nur noch ihre F\u00e4nge in das Fleisch schlagen, die Haut mit ihren Klauen zerfetzen, nichts konnte sie jetzt noch aufhalten. Doch dann merkten sie, dass etwas nicht stimmte. Etwas Entscheidendes war falsch, sie w\u00fcrden selbst zu Opfern, wenn sie angriffen. Schnell zogen sie sich zur\u00fcck und wurden wieder zur einfachen Abwesenheit von Licht.<\/p>\n<p style=\"text-align: justify;\">Diana hatte noch keine zwei Atemz\u00fcge gemacht, als die Visionen mit aller Macht \u00fcber sie herfielen, sie Ort, Raum und Zeit verga\u00df.<br \/>\nSie sah Tempel, die kein Mensch gebaut haben konnte. Erblickte Kreaturen, die jeder Beschreibung spotteten, bei denen man nicht wusste, ob sie gingen, flogen oder krochen, deren Anblick jeden Menschen in den Wahnsinn getrieben h\u00e4tte. Sie h\u00f6rte die verzweifelten Schreie anderer Kreaturen, die noch schrecklicher anzublicken waren. Sie erkannte, dass diese Kreaturen langsam zu Tode gemartert wurden. Man nahm ihnen nicht nur das Leben, sondern folterte anschlie\u00dfend noch ihre Seelen. Sie tr\u00e4umte von blasphemischen Gottheiten, in t\u00f6dliche K\u00e4mpfe verwickelt. H\u00f6rte Namen, die kein Mensch wissen durfte, weil das Wissen der Namen t\u00f6dlich war und die Seele auf ewig verdammte. Sie schwebte weiter. Wieder erblickte sie Tempel und Lebewesen, die Lebewesen waren Menschen. Die Namen klangen vertrauter, aber auch diese durfte man nicht aussprechen. Sie erblickte Menschen die geopfert wurden. Dann erblickte sie einen D\u00e4mon, schrecklicher und zerst\u00f6rerischer als die, die sie bisher gesehen hatte. Sie wusste sofort, dass dieser D\u00e4mon sich nur am Leid seiner Anh\u00e4nger erfreute. Sie wollte ihn ignorieren, weg von hier, doch der D\u00e4mon war auf sie aufmerksam geworden, wollte sie ergreifen. Sie wich aus, versuchte fortzukommen. Dann sp\u00fcrte sie wie unheiliges Protoplasma sie ber\u00fchrte.<\/p>\n<\/div><\/section>\n\n<style type=\"text\/css\" data-created_by=\"avia_inline_auto\" id=\"style-css-av-k57axvj9-5b4e1161c2e431a7ef464a3376eba895\">\n#top .hr.av-k57axvj9-5b4e1161c2e431a7ef464a3376eba895{\nmargin-top:12px;\nmargin-bottom:12px;\n}\n.hr.av-k57axvj9-5b4e1161c2e431a7ef464a3376eba895 .hr-inner{\nwidth:100%;\n}\n<\/style>\n<div  class='hr av-k57axvj9-5b4e1161c2e431a7ef464a3376eba895 hr-custom  avia-builder-el-11  el_after_av_textblock  el_before_av_textblock  hr-center hr-icon-no'><span class='hr-inner inner-border-av-border-thin'><span class=\"hr-inner-style\"><\/span><\/span><\/div>\n<section  class='av_textblock_section av-k57ay8ye-b792034ce52f10074a28d4a5b1a1f769'  itemscope=\"itemscope\" itemtype=\"https:\/\/schema.org\/CreativeWork\" ><div class='avia_textblock'  itemprop=\"text\" ><p style=\"text-align: justify;\">\u201eEs ist kein Geheimnis, dass Diana und ich ein Liebespaar sind\u201c, antwortete sie. \u201eMeine Einstellung zur Amtskirche ist bekannt und jetzt f\u00e4hrt dich der \u201alesbische Feind\u2018 nach Hause.\u201c<br \/>\nMagnus lachte, \u201eder \u201aFeind\u2018, der Teufel der im Weiberrock steckt, doch Scherz beiseite. Zwischen Lemuriastan und Burg Kelt gibt es die Ruinen einer kleinen Kapelle, die ich gerne besuchen w\u00fcrde.\u201c<br \/>\n\u201eIch f\u00fchle mich geehrt, dass du mit mir die St\u00e4tte besuchen willst. Doch bin ich keine Historikerin und kann \u2026\u201c<br \/>\n\u201eAber eine gute Psychologin, ich werde deine Hilfe brauchen.\u201c<\/p>\n<\/div><\/section>\n\n<style type=\"text\/css\" data-created_by=\"avia_inline_auto\" id=\"style-css-av-k57axvj9-5b4e1161c2e431a7ef464a3376eba895\">\n#top .hr.av-k57axvj9-5b4e1161c2e431a7ef464a3376eba895{\nmargin-top:12px;\nmargin-bottom:12px;\n}\n.hr.av-k57axvj9-5b4e1161c2e431a7ef464a3376eba895 .hr-inner{\nwidth:100%;\n}\n<\/style>\n<div  class='hr av-k57axvj9-5b4e1161c2e431a7ef464a3376eba895 hr-custom  avia-builder-el-13  el_after_av_textblock  el_before_av_textblock  hr-center hr-icon-no'><span class='hr-inner inner-border-av-border-thin'><span class=\"hr-inner-style\"><\/span><\/span><\/div>\n<section  class='av_textblock_section av-k57b1fjq-f2b54288b36d82a8f48b1e7352dec79c'  itemscope=\"itemscope\" itemtype=\"https:\/\/schema.org\/CreativeWork\" ><div class='avia_textblock'  itemprop=\"text\" ><p style=\"text-align: justify;\">\u201eNicht ganz, es gibt ein zweites Buch. Nicht von ihm, sondern von seinem Bruder Ludwig und jetzt kommen wir zur Legende. Um es kurz zu machen, die ganze Aktion, die Ausl\u00f6schung des Hauses, die T\u00f6tung des K\u00f6nigs, ja selbst die Kerkerhaft, waren geplant. Die Entf\u00fchrung, die Schlacht, die fast vollst\u00e4ndige Ausl\u00f6schung des Hauses Savoy. Deine Vorfahren taten alles damit eine Frau, hundertf\u00fcnfzig Jahre sp\u00e4ter ein Ritual vollf\u00fchren konnte. Damit jene Macht, die sie anbeten, erweckt wird und die Herrschaft \u00fcber die Welt antritt. Angeblich kann nur eine Frau aus dem Hause Savoyen dieser Macht dienen.\u201c<br \/>\n\u201eWas ist dies f\u00fcr eine Macht.\u201c<br \/>\n\u201eFreya, wir befinden uns im Bereich der absoluten Spekulation, der Mythologie, ich kann dir nicht sagen welche Macht dies sein soll. Ich wei\u00df nur, dass es eine absolut finstere Macht sein soll, vor der sich selbst Lucifer f\u00fcrchtet.\u201c<br \/>\n\u201eDER Lucifer?\u201c<br \/>\n\u201eGenau der.\u201c<\/p>\n<\/div><\/section>\n\n<style type=\"text\/css\" data-created_by=\"avia_inline_auto\" id=\"style-css-av-k57axvj9-5b4e1161c2e431a7ef464a3376eba895\">\n#top .hr.av-k57axvj9-5b4e1161c2e431a7ef464a3376eba895{\nmargin-top:12px;\nmargin-bottom:12px;\n}\n.hr.av-k57axvj9-5b4e1161c2e431a7ef464a3376eba895 .hr-inner{\nwidth:100%;\n}\n<\/style>\n<div  class='hr av-k57axvj9-5b4e1161c2e431a7ef464a3376eba895 hr-custom  avia-builder-el-15  el_after_av_textblock  el_before_av_textblock  hr-center hr-icon-no'><span class='hr-inner inner-border-av-border-thin'><span class=\"hr-inner-style\"><\/span><\/span><\/div>\n<section  class='av_textblock_section av-k57b2e5u-f22b1395b554c1e7e37f900f0843c805'  itemscope=\"itemscope\" itemtype=\"https:\/\/schema.org\/CreativeWork\" ><div class='avia_textblock'  itemprop=\"text\" ><p style=\"text-align: center;\">Dies ist das Buch Ch\u2019ereb\u2019us<br \/>\nHerrscher\/in \u00fcber Tod und Finsternis<br \/>\nZerst\u00f6rer\/in ohne Gnade<br \/>\nZittert und unterwerft euch, wenn er\/sie erscheint.<\/p>\n<\/div><\/section>\n\n<style type=\"text\/css\" data-created_by=\"avia_inline_auto\" id=\"style-css-av-k57axvj9-5b4e1161c2e431a7ef464a3376eba895\">\n#top .hr.av-k57axvj9-5b4e1161c2e431a7ef464a3376eba895{\nmargin-top:12px;\nmargin-bottom:12px;\n}\n.hr.av-k57axvj9-5b4e1161c2e431a7ef464a3376eba895 .hr-inner{\nwidth:100%;\n}\n<\/style>\n<div  class='hr av-k57axvj9-5b4e1161c2e431a7ef464a3376eba895 hr-custom  avia-builder-el-17  el_after_av_textblock  el_before_av_textblock  hr-center hr-icon-no'><span class='hr-inner inner-border-av-border-thin'><span class=\"hr-inner-style\"><\/span><\/span><\/div>\n<section  class='av_textblock_section av-k57b2e5u-f22b1395b554c1e7e37f900f0843c805'  itemscope=\"itemscope\" itemtype=\"https:\/\/schema.org\/CreativeWork\" ><div class='avia_textblock'  itemprop=\"text\" ><p style=\"text-align: justify;\">An diesem Punkt begann Dianas Dilemma, ihr ganzes Wissen stammte nicht aus den verschiedensten Quellen. Nicht aus alten Folianten oder B\u00fcchern, war nicht durch Funde oder Geb\u00e4ude belegt, sondern ihre Quelle war einzig und allein ihr Notizbuch, das sie in einer Art Fieberwahn geschrieben hatte. Als ob sie diesen Teufel erfunden h\u00e4tte, doch wenn sie ihn erfunden hatte, wieso hatte sie dann die Notizen in einer anderen Sprache geschrieben? Mit Schriftzeichen, die sie vorher noch nie gesehen hatte und zu keiner Sprache passten die sie kannte? Die sie mittlerweile auch fehlerfrei sprach. Wieso waren ihre Zeichnungen im neuen Buch sowie im Notizbuch Kunstwerke? So gut hatte sie noch nie gezeichnet. Wieso hatte sie Winkel gezeichnet, die zusammen mehr als 360 Grad ergaben?<\/p>\n<\/div><\/section>\n\n<style type=\"text\/css\" data-created_by=\"avia_inline_auto\" id=\"style-css-av-k57axvj9-5b4e1161c2e431a7ef464a3376eba895\">\n#top .hr.av-k57axvj9-5b4e1161c2e431a7ef464a3376eba895{\nmargin-top:12px;\nmargin-bottom:12px;\n}\n.hr.av-k57axvj9-5b4e1161c2e431a7ef464a3376eba895 .hr-inner{\nwidth:100%;\n}\n<\/style>\n<div  class='hr av-k57axvj9-5b4e1161c2e431a7ef464a3376eba895 hr-custom  avia-builder-el-19  el_after_av_textblock  el_before_av_textblock  hr-center hr-icon-no'><span class='hr-inner inner-border-av-border-thin'><span class=\"hr-inner-style\"><\/span><\/span><\/div>\n<section  class='av_textblock_section av-k57b2e5u-f22b1395b554c1e7e37f900f0843c805'  itemscope=\"itemscope\" itemtype=\"https:\/\/schema.org\/CreativeWork\" ><div class='avia_textblock'  itemprop=\"text\" ><p style=\"text-align: center;\">Der Zyklus ist Vollbracht<br \/>\nDas Teufel fast erwacht<\/p>\n<p style=\"text-align: center;\">Den ewigen Kampf wird ES wieder seines nennen<br \/>\nDen Verr\u00e4ter wird ES als erstes vernichten<br \/>\nDann wird ES den Blick auf alte Feinde richten<br \/>\nZu Scharen werden diese in die Schlacht rennen<\/p>\n<p style=\"text-align: center;\">Um zu vollenden was ES einst begonnen<br \/>\nDas Teufel k\u00e4mpft gewohnt alleine<br \/>\nTreue und Freunde hat es keine<br \/>\nNur eine Sklavin hat ES als sein Eigentum ersonnen<\/p>\n<p style=\"text-align: center;\">Die g\u00fctigste lud ES zu sich ein<br \/>\nDie Folter ist ihr allein<br \/>\nMachte die H\u00f6lle zu ihrem Heim<br \/>\nDie Hohe Priesterin genoss die Pein<\/p>\n<p style=\"text-align: center;\">Vergessen ist all der Liebreiz von ihr<br \/>\nSie wird beherrscht von Hass und Gier<br \/>\nMit Freude gibt sie f\u00fcr das Teufel ihr Leben hin<br \/>\nDies ist ihr einziger Lebenssinn<\/p>\n<p style=\"text-align: center;\">Ihrer Kinderahnen sind der vielen<br \/>\nDie doppelk\u00f6pfige Schlange sie zu ihrem Wappen erkoren<br \/>\nTod und Vernichtung sie auf ihre Flaggen schrieben<br \/>\nIhre Feinde waren vor der Schlacht schon verloren<\/p>\n<p style=\"text-align: center;\">Die letzte Tochter aus dem Hause wird es richten<br \/>\nEin Feind wird sie vernichten<br \/>\nDas Teufel ist dann bereits erwacht<br \/>\nTod und Zerst\u00f6rung ES sich zu seiner Aufgabe macht<\/p>\n<\/div><\/section>\n","protected":false},"excerpt":{"rendered":"","protected":false},"author":1,"featured_media":0,"parent":0,"menu_order":0,"comment_status":"closed","ping_status":"closed","template":"","meta":{"footnotes":""},"class_list":["post-23","page","type-page","status-publish","hentry"],"_links":{"self":[{"href":"https:\/\/rafael-leng.de\/index.php?rest_route=\/wp\/v2\/pages\/23","targetHints":{"allow":["GET"]}}],"collection":[{"href":"https:\/\/rafael-leng.de\/index.php?rest_route=\/wp\/v2\/pages"}],"about":[{"href":"https:\/\/rafael-leng.de\/index.php?rest_route=\/wp\/v2\/types\/page"}],"author":[{"embeddable":true,"href":"https:\/\/rafael-leng.de\/index.php?rest_route=\/wp\/v2\/users\/1"}],"replies":[{"embeddable":true,"href":"https:\/\/rafael-leng.de\/index.php?rest_route=%2Fwp%2Fv2%2Fcomments&post=23"}],"version-history":[{"count":8,"href":"https:\/\/rafael-leng.de\/index.php?rest_route=\/wp\/v2\/pages\/23\/revisions"}],"predecessor-version":[{"id":145,"href":"https:\/\/rafael-leng.de\/index.php?rest_route=\/wp\/v2\/pages\/23\/revisions\/145"}],"wp:attachment":[{"href":"https:\/\/rafael-leng.de\/index.php?rest_route=%2Fwp%2Fv2%2Fmedia&parent=23"}],"curies":[{"name":"wp","href":"https:\/\/api.w.org\/{rel}","templated":true}]}}