{"id":27,"date":"2020-01-09T20:46:50","date_gmt":"2020-01-09T19:46:50","guid":{"rendered":"http:\/\/rafael-leng.de\/?page_id=27"},"modified":"2020-01-10T21:05:12","modified_gmt":"2020-01-10T20:05:12","slug":"das-schwert-von-wigrid-teil-ii","status":"publish","type":"page","link":"https:\/\/rafael-leng.de\/?page_id=27","title":{"rendered":"Das Schwert von Wigrid Teil II"},"content":{"rendered":"\n<style type=\"text\/css\" data-created_by=\"avia_inline_auto\" id=\"style-css-av-1qbb1-86d80a6695e0aea09decf4dbeecf9634\">\n.flex_column.av-1qbb1-86d80a6695e0aea09decf4dbeecf9634{\n-webkit-border-radius:0px 0px 0px 0px;\n-moz-border-radius:0px 0px 0px 0px;\nborder-radius:0px 0px 0px 0px;\npadding:0px 0px 0px 0px;\n}\n<\/style>\n<div class='flex_column av-1qbb1-86d80a6695e0aea09decf4dbeecf9634 av_one_third  avia-builder-el-0  el_before_av_two_third  avia-builder-el-first  first flex_column_div av-zero-column-padding '     ><style type=\"text\/css\" data-created_by=\"avia_inline_auto\" id=\"style-css-av-k57amaad-dd10508ed6d13e23c7f655551bbc20f0\">\n.avia-image-container.av-k57amaad-dd10508ed6d13e23c7f655551bbc20f0 img.avia_image{\nbox-shadow:none;\n}\n.avia-image-container.av-k57amaad-dd10508ed6d13e23c7f655551bbc20f0 .av-image-caption-overlay-center{\ncolor:#ffffff;\n}\n<\/style>\n<div  class='avia-image-container av-k57amaad-dd10508ed6d13e23c7f655551bbc20f0 av-styling- av-hover-grow avia-align-center  avia-builder-el-1  avia-builder-el-no-sibling '   itemprop=\"image\" itemscope=\"itemscope\" itemtype=\"https:\/\/schema.org\/ImageObject\" ><div class=\"avia-image-container-inner\"><div class=\"avia-image-overlay-wrap\"><img class='wp-image-17 avia-img-lazy-loading-not-17 avia_image ' src='https:\/\/rafael-leng.de\/wp-content\/uploads\/2020\/01\/Schwert-2-1-e1578677673744.png' alt='Das Schwert von Wigrid Teil 2' title='Das Schwert von Wigrid Teil 2'  height=\"931\" width=\"665\"  itemprop=\"thumbnailUrl\"  \/><\/div><\/div><\/div><\/div>\n\n<style type=\"text\/css\" data-created_by=\"avia_inline_auto\" id=\"style-css-av-ysy9-a574be1a710a742c9ec5b084929f87f1\">\n.flex_column.av-ysy9-a574be1a710a742c9ec5b084929f87f1{\n-webkit-border-radius:0px 0px 0px 0px;\n-moz-border-radius:0px 0px 0px 0px;\nborder-radius:0px 0px 0px 0px;\npadding:0px 0px 0px 0px;\n}\n<\/style>\n<div class='flex_column av-ysy9-a574be1a710a742c9ec5b084929f87f1 av_two_third  avia-builder-el-2  el_after_av_one_third  el_before_av_heading  flex_column_div av-zero-column-padding '     ><p>\n<style type=\"text\/css\" data-created_by=\"avia_inline_auto\" id=\"style-css-av-av_heading-ee391f7e9db20408a16f04d6f3ba9414\">\n#top .av-special-heading.av-av_heading-ee391f7e9db20408a16f04d6f3ba9414{\npadding-bottom:40px;\n}\nbody .av-special-heading.av-av_heading-ee391f7e9db20408a16f04d6f3ba9414 .av-special-heading-tag .heading-char{\nfont-size:25px;\n}\n.av-special-heading.av-av_heading-ee391f7e9db20408a16f04d6f3ba9414 .av-subheading{\nfont-size:15px;\n}\n<\/style>\n<div  class='av-special-heading av-av_heading-ee391f7e9db20408a16f04d6f3ba9414 av-special-heading-h1 blockquote modern-quote  avia-builder-el-3  el_before_av_heading  avia-builder-el-first '><h1 class='av-special-heading-tag'  itemprop=\"headline\"  >Das Schwert von Wigrid &#8211; Teil 2<\/h1><div class=\"special-heading-border\"><div class=\"special-heading-inner-border\"><\/div><\/div><\/div><br \/>\n\n<style type=\"text\/css\" data-created_by=\"avia_inline_auto\" id=\"style-css-av-av_heading-1bd724e97b98ec20790f582e29f7d7e3\">\n#top .av-special-heading.av-av_heading-1bd724e97b98ec20790f582e29f7d7e3{\nmargin:0 0 0 0;\npadding-bottom:10px;\n}\nbody .av-special-heading.av-av_heading-1bd724e97b98ec20790f582e29f7d7e3 .av-special-heading-tag .heading-char{\nfont-size:25px;\n}\n.av-special-heading.av-av_heading-1bd724e97b98ec20790f582e29f7d7e3 .av-subheading{\nfont-size:15px;\n}\n<\/style>\n<div  class='av-special-heading av-av_heading-1bd724e97b98ec20790f582e29f7d7e3 av-special-heading-h3  avia-builder-el-4  el_after_av_heading  el_before_av_textblock '><h3 class='av-special-heading-tag'  itemprop=\"headline\"  >Klappentext<\/h3><div class=\"special-heading-border\"><div class=\"special-heading-inner-border\"><\/div><\/div><\/div><br \/>\n<section  class='av_textblock_section av-k57ann0j-b17fa30c6e6657e6fa884991b455b935'  itemscope=\"itemscope\" itemtype=\"https:\/\/schema.org\/CreativeWork\" ><div class='avia_textblock'  itemprop=\"text\" ><p style=\"text-align: justify;\">Die Niederlage gegen Baldur, den Dunklen Herrscher, schmerzt noch, da ziehen Ares und Bragor mit ihren treuen Begleitern erneut weiter. Chaos und Verw\u00fcstung s\u00e4umen ihren Weg. Das Wirken des B\u00f6sen scheint allgegenw\u00e4rtig. Angetrieben vom Glauben an Frieden und Harmonie trotzen die beiden grauenvollen Monstern und furchterregenden D\u00e4monen. Doch wer ist die Kraft, die hinter allen \u00dcbeln steht?<\/p>\n<p style=\"text-align: justify;\">W\u00e4hrend das Unheil immer n\u00e4her r\u00fcckt, f\u00fchrt Ares mutig das Schwert von Wigrid. Wird ihm die legend\u00e4re Waffe helfen, die entscheidende Schlacht zu gewinnen? L\u00e4ngst geht es nicht mehr nur darum, Baldur zu bezwingen. Denn der Kampf gegen die dunklen M\u00e4chte wirft lange Schatten und kostet bittere Opfer. Als Ares und Bragor sich nach langer Reise endlich wieder gegen\u00fcberstehen, wird eine traurige Ahnung zur Gewissheit.<\/p>\n<p style=\"text-align: justify;\">Fortsetzung des spannenden Fantasy-Romans um das Schwert von Wigrid.<\/p>\n<\/div><\/section><br \/>\n\n<style type=\"text\/css\" data-created_by=\"avia_inline_auto\" id=\"style-css-av-k57b4lvq-88c1ed8c4a43d550a1e147b207eef7ff\">\n#top .hr.hr-invisible.av-k57b4lvq-88c1ed8c4a43d550a1e147b207eef7ff{\nheight:20px;\n}\n<\/style>\n<div  class='hr av-k57b4lvq-88c1ed8c4a43d550a1e147b207eef7ff hr-invisible  avia-builder-el-6  el_after_av_textblock  el_before_av_button_big  avia-builder-el-last '><span class='hr-inner '><span class=\"hr-inner-style\"><\/span><\/span><\/div><br \/>\n<div  class='avia-button-wrap avia-button-center  avia-builder-el-7  el_after_av_hr  el_before_av_hr ' >\n<style type=\"text\/css\" data-created_by=\"avia_inline_auto\" id=\"style-css-av-k57b3f4f-744be7eee9ec6c746b3fd4f23ddc1a5f\">\n#top #wrap_all .avia-button.av-k57b3f4f-744be7eee9ec6c746b3fd4f23ddc1a5f{\ncolor:#ffffff;\n-webkit-transition:all 0.4s ease-in-out;\n-moz-transition:all 0.4s ease-in-out;\n-ms-transition:all 0.4s ease-in-out;\n-o-transition:all 0.4s ease-in-out;\ntransition:all 0.4s ease-in-out;\n}\n#top #wrap_all .avia-button.av-k57b3f4f-744be7eee9ec6c746b3fd4f23ddc1a5f:hover{\ncolor:#ffffff;\n-webkit-transition:all 0.4s ease-in-out;\n-moz-transition:all 0.4s ease-in-out;\n-ms-transition:all 0.4s ease-in-out;\n-o-transition:all 0.4s ease-in-out;\ntransition:all 0.4s ease-in-out;\n}\n<\/style>\n<a href='https:\/\/www.amazon.de\/Das-Schwert-von-Wigrid-Teil\/dp\/3848234653\/ref=sr_1_1?qid=1578608020&amp;refinements=p_27%3ARafael+Leng&amp;s=books&amp;sr=1-1&amp;text=Rafael+Leng' class='avia-color-theme-color avia-button avia-button-fullwidth av-k57b3f4f-744be7eee9ec6c746b3fd4f23ddc1a5f avia-icon_select-no avia-color-theme-color' target=\"_blank\" rel=\"noopener noreferrer\"><span class='avia_iconbox_title' >Jetzt bestellen!<\/span><span class='avia_button_background avia-button avia-button-fullwidth avia-color-theme-color'><\/span><\/a><\/div><br \/>\n\n<style type=\"text\/css\" data-created_by=\"avia_inline_auto\" id=\"style-css-av-k57b4lvq-88c1ed8c4a43d550a1e147b207eef7ff\">\n#top .hr.hr-invisible.av-k57b4lvq-88c1ed8c4a43d550a1e147b207eef7ff{\nheight:20px;\n}\n<\/style>\n<div  class='hr av-k57b4lvq-88c1ed8c4a43d550a1e147b207eef7ff hr-invisible  avia-builder-el-8  el_after_av_button_big  avia-builder-el-no-sibling '><span class='hr-inner '><span class=\"hr-inner-style\"><\/span><\/span><\/div><\/p><\/div>\n<style type=\"text\/css\" data-created_by=\"avia_inline_auto\" id=\"style-css-av-av_heading-e930254712ffd1b323b4f44b17431e9a\">\n#top .av-special-heading.av-av_heading-e930254712ffd1b323b4f44b17431e9a{\npadding-bottom:10px;\n}\nbody .av-special-heading.av-av_heading-e930254712ffd1b323b4f44b17431e9a .av-special-heading-tag .heading-char{\nfont-size:25px;\n}\n.av-special-heading.av-av_heading-e930254712ffd1b323b4f44b17431e9a .av-subheading{\nfont-size:15px;\n}\n<\/style>\n<div  class='av-special-heading av-av_heading-e930254712ffd1b323b4f44b17431e9a av-special-heading-h3  avia-builder-el-9  el_after_av_two_third  el_before_av_textblock '><h3 class='av-special-heading-tag'  itemprop=\"headline\"  >Leseproben<\/h3><div class=\"special-heading-border\"><div class=\"special-heading-inner-border\"><\/div><\/div><\/div><\/p>\n<section  class='av_textblock_section av-k57ann0j-b17fa30c6e6657e6fa884991b455b935'  itemscope=\"itemscope\" itemtype=\"https:\/\/schema.org\/CreativeWork\" ><div class='avia_textblock'  itemprop=\"text\" ><p style=\"text-align: justify;\">Die Katastrophe ist eingetreten. Der dunkle Herrscher ist in den Besitz des Schwertes von Wigrid gelangt. Desillusioniert machen sich Ares und seine beiden Freunde auf den Heimweg. Doch nur Chaos und Verw\u00fcstung begegnen ihnen. Das Wirken des B\u00f6sen ist allgegenw\u00e4rtig.<br \/>\nKann Bragor mit einer Armee von zwanzigtausend Orks der Welt Frieden bringen? Da streckt das B\u00f6se bereits seine Klauen nach \u00c5sgard aus, um die Heimat von Ares und Bragor zu vernichten.<br \/>\nDer Kampf gegen die dunklen M\u00e4chte wirft lange Schatten und kostet bittere Opfer. Als Ares und Bragor sich nach langer Reise endlich wieder begegnen, wird eine schreckliche Ahnung zur Gewissheit.<\/p>\n<\/div><\/section>\n\n<style type=\"text\/css\" data-created_by=\"avia_inline_auto\" id=\"style-css-av-k57axvj9-5b4e1161c2e431a7ef464a3376eba895\">\n#top .hr.av-k57axvj9-5b4e1161c2e431a7ef464a3376eba895{\nmargin-top:12px;\nmargin-bottom:12px;\n}\n.hr.av-k57axvj9-5b4e1161c2e431a7ef464a3376eba895 .hr-inner{\nwidth:100%;\n}\n<\/style>\n<div  class='hr av-k57axvj9-5b4e1161c2e431a7ef464a3376eba895 hr-custom  avia-builder-el-11  el_after_av_textblock  el_before_av_textblock  hr-center hr-icon-no'><span class='hr-inner inner-border-av-border-thin'><span class=\"hr-inner-style\"><\/span><\/span><\/div>\n<section  class='av_textblock_section av-k57ay8ye-b792034ce52f10074a28d4a5b1a1f769'  itemscope=\"itemscope\" itemtype=\"https:\/\/schema.org\/CreativeWork\" ><div class='avia_textblock'  itemprop=\"text\" ><p style=\"text-align: justify;\">\u201eAusgerechnet Magoogs\u201c, bemerkte Sternenmeer.<br \/>\n\u201eKeine Angst mein Freund\u201c, antwortete Hideyoshi, als sie die Treppe hinabgingen, \u201ewenn du deinen Ersten umgebracht hast, schlie\u00dft du sie ins Herz.\u201c<br \/>\n\u201eDenkst du, die erkennen euch?\u201c, fragte Sternenmeer.<br \/>\n\u201eGanz sicher\u201c, antwortete Ares, \u201eund der einzige Grund, warum sie sich noch nicht auf uns gest\u00fcrzt haben, d\u00fcrften diese freundlichen Herren dort sein.\u201c<br \/>\nDamit zeigte er auf ein paar gro\u00dfe Bergtrolle.<\/p>\n<\/div><\/section>\n\n<style type=\"text\/css\" data-created_by=\"avia_inline_auto\" id=\"style-css-av-k57axvj9-5b4e1161c2e431a7ef464a3376eba895\">\n#top .hr.av-k57axvj9-5b4e1161c2e431a7ef464a3376eba895{\nmargin-top:12px;\nmargin-bottom:12px;\n}\n.hr.av-k57axvj9-5b4e1161c2e431a7ef464a3376eba895 .hr-inner{\nwidth:100%;\n}\n<\/style>\n<div  class='hr av-k57axvj9-5b4e1161c2e431a7ef464a3376eba895 hr-custom  avia-builder-el-13  el_after_av_textblock  el_before_av_textblock  hr-center hr-icon-no'><span class='hr-inner inner-border-av-border-thin'><span class=\"hr-inner-style\"><\/span><\/span><\/div>\n<section  class='av_textblock_section av-k57b1fjq-f2b54288b36d82a8f48b1e7352dec79c'  itemscope=\"itemscope\" itemtype=\"https:\/\/schema.org\/CreativeWork\" ><div class='avia_textblock'  itemprop=\"text\" ><p style=\"text-align: justify;\">\u201eWas f\u00fcr einen D\u00e4mon wollt Ihr rufen?\u201c<br \/>\n\u201eBitte keinen D\u00e4mon, einen hilfreichen Geist\u201c, Asrael liebte das Spiel mit den Worten, bisher hat er damit alle t\u00e4uschen k\u00f6nnen.<br \/>\n\u201eSpielt nicht mit Worten\u201c, fuhr Ares den Magier b\u00f6se an, \u201eich war in einem Eurer Zimmer und glaubt nicht, ich w\u00fcsste nicht, mit was Ihr euch besch\u00e4ftigt. Den Gro\u00dff\u00fcrsten und den Herzog k\u00f6nnt Ihr vielleicht t\u00e4uschen, aber glaubt Ihr wirklich, ich w\u00fcrde nur einen Finger r\u00fchren, wenn ich mich nicht auf morgen Abend vorbereiten kann? Also was f\u00fcr einen D\u00e4mon?\u201c<\/p>\n<\/div><\/section>\n\n<style type=\"text\/css\" data-created_by=\"avia_inline_auto\" id=\"style-css-av-k57axvj9-5b4e1161c2e431a7ef464a3376eba895\">\n#top .hr.av-k57axvj9-5b4e1161c2e431a7ef464a3376eba895{\nmargin-top:12px;\nmargin-bottom:12px;\n}\n.hr.av-k57axvj9-5b4e1161c2e431a7ef464a3376eba895 .hr-inner{\nwidth:100%;\n}\n<\/style>\n<div  class='hr av-k57axvj9-5b4e1161c2e431a7ef464a3376eba895 hr-custom  avia-builder-el-15  el_after_av_textblock  el_before_av_textblock  hr-center hr-icon-no'><span class='hr-inner inner-border-av-border-thin'><span class=\"hr-inner-style\"><\/span><\/span><\/div>\n<section  class='av_textblock_section av-k57b2e5u-f22b1395b554c1e7e37f900f0843c805'  itemscope=\"itemscope\" itemtype=\"https:\/\/schema.org\/CreativeWork\" ><div class='avia_textblock'  itemprop=\"text\" ><p style=\"text-align: justify;\">\u201eH\u00f6rt auf Euch albern zu benehmen\u201c, fuhr Bragor den Kapit\u00e4n an, \u201eder F\u00fcrst war ein Idiot und hat daf\u00fcr bezahlt. Gebt also nicht den Orks die Schuld. Ohne den F\u00fcrsten und den verr\u00fcckten Zauberer w\u00e4re H\u00e5lmavik nicht gefallen.\u201c<br \/>\nKapit\u00e4n Hawk schnappte nach Luft. Als er dies h\u00f6rte. Erst wurde er ganz bleich, dann knallrot. Er wollte losbr\u00fcllen, doch Bragor lie\u00df ihn nicht dazu kommen, \u201ewas habt Ihr noch mal gesagt? Der F\u00fcrst wolle sich den Orks stellen. Wo wollte er sich ihnen stellen? Wahrscheinlich in ihren H\u00f6hlen, in denen er keine Chance gegen sie hatte. Auch war der F\u00fcrst so dumm und glaubte dem Versprechen eines ver\u00e4terischen Zauberers. H\u00e4tte er nur eine Sekunde nach gedacht, h\u00e4tte er gewusst, dass dies nur eine Falle sein konnte!\u201c<\/p>\n<\/div><\/section>\n\n<style type=\"text\/css\" data-created_by=\"avia_inline_auto\" id=\"style-css-av-k57axvj9-5b4e1161c2e431a7ef464a3376eba895\">\n#top .hr.av-k57axvj9-5b4e1161c2e431a7ef464a3376eba895{\nmargin-top:12px;\nmargin-bottom:12px;\n}\n.hr.av-k57axvj9-5b4e1161c2e431a7ef464a3376eba895 .hr-inner{\nwidth:100%;\n}\n<\/style>\n<div  class='hr av-k57axvj9-5b4e1161c2e431a7ef464a3376eba895 hr-custom  avia-builder-el-17  el_after_av_textblock  el_before_av_textblock  hr-center hr-icon-no'><span class='hr-inner inner-border-av-border-thin'><span class=\"hr-inner-style\"><\/span><\/span><\/div>\n<section  class='av_textblock_section av-k57b2e5u-f22b1395b554c1e7e37f900f0843c805'  itemscope=\"itemscope\" itemtype=\"https:\/\/schema.org\/CreativeWork\" ><div class='avia_textblock'  itemprop=\"text\" ><p style=\"text-align: justify;\">\u201eAlso noch mal von vorne\u201c, sagte Mapp\u00f3 zu seinem Untergebenen, \u201edie Wache des Herzoges, sucht sich extra diese dunkle Gasse aus, um sich gegenseitig auf das Grausamste zu massakrieren. Willst du mir das sagen?\u201c<br \/>\n\u201eViele der Waffen von den Wachen stecken noch in ihren Kameraden, manche der Toten liegen so zusammen \u2026\u201c<\/p>\n<\/div><\/section>\n\n<style type=\"text\/css\" data-created_by=\"avia_inline_auto\" id=\"style-css-av-k57axvj9-5b4e1161c2e431a7ef464a3376eba895\">\n#top .hr.av-k57axvj9-5b4e1161c2e431a7ef464a3376eba895{\nmargin-top:12px;\nmargin-bottom:12px;\n}\n.hr.av-k57axvj9-5b4e1161c2e431a7ef464a3376eba895 .hr-inner{\nwidth:100%;\n}\n<\/style>\n<div  class='hr av-k57axvj9-5b4e1161c2e431a7ef464a3376eba895 hr-custom  avia-builder-el-19  el_after_av_textblock  el_before_av_textblock  hr-center hr-icon-no'><span class='hr-inner inner-border-av-border-thin'><span class=\"hr-inner-style\"><\/span><\/span><\/div>\n<section  class='av_textblock_section av-k57b2e5u-f22b1395b554c1e7e37f900f0843c805'  itemscope=\"itemscope\" itemtype=\"https:\/\/schema.org\/CreativeWork\" ><div class='avia_textblock'  itemprop=\"text\" ><p style=\"text-align: justify;\">Hatten die Satyre den Kampf gegen den Obadja, von einer Seitenstra\u00dfe aus, noch verfolgt, ergriffen sie jetzt Aphophis, der sich vor Angst und Panik nicht bewegen konnte, und flohen von dem Ort des Schreckens. Weit in die Stadt hinein. Denn auf dem Platz hatten sich s\u00e4mtliche D\u00e4monen der H\u00f6lle versammelt. Um von drei noch schlimmeren D\u00e4monen, in der Gestalt eines Orks, eines Elben und eines Menschen vernichtet zu werden. Die Satyre hatten erkannt, dass auf dem Platz der Tod gegen den Tod k\u00e4mpft und kein Platz f\u00fcr das Leben war.<\/p>\n<\/div><\/section>\n","protected":false},"excerpt":{"rendered":"","protected":false},"author":1,"featured_media":0,"parent":0,"menu_order":0,"comment_status":"closed","ping_status":"closed","template":"","meta":{"footnotes":""},"class_list":["post-27","page","type-page","status-publish","hentry"],"_links":{"self":[{"href":"https:\/\/rafael-leng.de\/index.php?rest_route=\/wp\/v2\/pages\/27","targetHints":{"allow":["GET"]}}],"collection":[{"href":"https:\/\/rafael-leng.de\/index.php?rest_route=\/wp\/v2\/pages"}],"about":[{"href":"https:\/\/rafael-leng.de\/index.php?rest_route=\/wp\/v2\/types\/page"}],"author":[{"embeddable":true,"href":"https:\/\/rafael-leng.de\/index.php?rest_route=\/wp\/v2\/users\/1"}],"replies":[{"embeddable":true,"href":"https:\/\/rafael-leng.de\/index.php?rest_route=%2Fwp%2Fv2%2Fcomments&post=27"}],"version-history":[{"count":8,"href":"https:\/\/rafael-leng.de\/index.php?rest_route=\/wp\/v2\/pages\/27\/revisions"}],"predecessor-version":[{"id":143,"href":"https:\/\/rafael-leng.de\/index.php?rest_route=\/wp\/v2\/pages\/27\/revisions\/143"}],"wp:attachment":[{"href":"https:\/\/rafael-leng.de\/index.php?rest_route=%2Fwp%2Fv2%2Fmedia&parent=27"}],"curies":[{"name":"wp","href":"https:\/\/api.w.org\/{rel}","templated":true}]}}