{"id":29,"date":"2020-01-09T20:47:36","date_gmt":"2020-01-09T19:47:36","guid":{"rendered":"http:\/\/rafael-leng.de\/?page_id=29"},"modified":"2020-01-12T14:41:26","modified_gmt":"2020-01-12T13:41:26","slug":"ueber-den-autor","status":"publish","type":"page","link":"https:\/\/rafael-leng.de\/?page_id=29","title":{"rendered":"\u00dcber den Autor"},"content":{"rendered":"<section  class='av_textblock_section av-23zo5-1982cae39eed355d7e5ad3bc21465210'  itemscope=\"itemscope\" itemtype=\"https:\/\/schema.org\/CreativeWork\" ><div class='avia_textblock'  itemprop=\"text\" ><p>\u00a0<\/p>\n<p><\/p>\n<\/div><\/section>\r\n\n<style type=\"text\/css\" data-created_by=\"avia_inline_auto\" id=\"style-css-av-1idw5-122df7726578c5c7c38691c2046ac3a9\">\n.flex_column.av-1idw5-122df7726578c5c7c38691c2046ac3a9{\n-webkit-border-radius:0px 0px 0px 0px;\n-moz-border-radius:0px 0px 0px 0px;\nborder-radius:0px 0px 0px 0px;\npadding:0px 0px 0px 0px;\n}\n<\/style>\n<div class='flex_column av-1idw5-122df7726578c5c7c38691c2046ac3a9 av_one_third  avia-builder-el-1  el_after_av_textblock  el_before_av_two_third  first flex_column_div av-zero-column-padding column-top-margin'     ><style type=\"text\/css\" data-created_by=\"avia_inline_auto\" id=\"style-css-av-k58ko6v8-f46184c9d71e38191aa49eae17d2fd8f\">\n.avia-image-container.av-k58ko6v8-f46184c9d71e38191aa49eae17d2fd8f img.avia_image{\nbox-shadow:none;\n}\n.avia-image-container.av-k58ko6v8-f46184c9d71e38191aa49eae17d2fd8f .av-image-caption-overlay-center{\ncolor:#ffffff;\n}\n<\/style>\n<div  class='avia-image-container av-k58ko6v8-f46184c9d71e38191aa49eae17d2fd8f av-styling- avia-align-center  avia-builder-el-2  avia-builder-el-no-sibling '   itemprop=\"image\" itemscope=\"itemscope\" itemtype=\"https:\/\/schema.org\/ImageObject\" ><div class=\"avia-image-container-inner\"><div class=\"avia-image-overlay-wrap\"><img class='wp-image-127 avia-img-lazy-loading-not-127 avia_image ' src='https:\/\/rafael-leng.de\/wp-content\/uploads\/2020\/01\/marcel-leist-foto.1024x1024-300x300.jpg' alt='' title='marcel-leist-foto.1024x1024'  height=\"300\" width=\"300\"  itemprop=\"thumbnailUrl\"  \/><\/div><\/div><\/div><\/div>\r\n\n<style type=\"text\/css\" data-created_by=\"avia_inline_auto\" id=\"style-css-av-11ptd-4483b46274b1ece1d06373b7052268a6\">\n.flex_column.av-11ptd-4483b46274b1ece1d06373b7052268a6{\n-webkit-border-radius:0px 0px 0px 0px;\n-moz-border-radius:0px 0px 0px 0px;\nborder-radius:0px 0px 0px 0px;\npadding:0px 0px 0px 0px;\n}\n<\/style>\n<div class='flex_column av-11ptd-4483b46274b1ece1d06373b7052268a6 av_two_third  avia-builder-el-3  el_after_av_one_third  avia-builder-el-last  flex_column_div av-zero-column-padding column-top-margin'     ><section  class='av_textblock_section av-k58kp6mr-a432608688424ff10211ea15569e16da'  itemscope=\"itemscope\" itemtype=\"https:\/\/schema.org\/CreativeWork\" ><div class='avia_textblock'  itemprop=\"text\" ><p>Das Leben ist voller Inspiration f\u00fcr meine Geschichten. Das ich keine Probleme habe eine neue Idee f\u00fcr ein Buch zu bekommen liegt, vielleicht auch daran, dass ich seit meiner Kindheit viel lese und schon als Sch\u00fcler f\u00fcr die Jugendzeitschrift des DGB\u00a0 \u201eGegenwind\u201c gearbeitet habe.<\/p>\n<p>Ich reise gerne nach Skandinavien, lasse mich von der Landschaft und den St\u00e4dten inspirieren und spreche Englisch und Schwedisch.<\/p>\n<p>Deswegen verwende ich auch immer wieder schwedische W\u00f6rter in meinen B\u00fcchern. Bei den Namen greife ich gerne auf alte Mythen und Legenden zur\u00fcck. So gibt es tats\u00e4chlich eine Legende von Lemuria, einem Kontinent der Versunkenen sein soll, wie Atlantis.<\/p>\n<p>Zus\u00e4tzlich hilft mir mein Studium der Philosophie und der Literaturwissenschaften, Fragen zu stellen und diese fiktiv zu beantworten. Dabei ist es keineswegs mein Ziel eine wissenschaftliche Abhandlung zu einzelnen Themen zu schreiben, im Gegenteil, ich m\u00f6chte unterhalten. Das Hauptthema meiner B\u00fccher ist die Frage nach dem Guten und dem B\u00f6sen.<\/p>\n<p>So entstand die Idee f\u00fcr mein Buch \u201aEmpathie f\u00fcr den Teufel\u2018, nachdem ich eine Geschichte gelesen haben, in der das B\u00f6se mal wieder die Weltherrschaft antreten will und die Menschheit entweder versklaven oder vernichten will.<\/p>\n<p>Dazu stellte ich mir nur eine Frage, warum? Wie definiert sich eigentlich das B\u00f6se? Ist dies nicht ein moralischer Begriff? Und warum, will es immer alles vernichten?<\/p>\n<p>Meine B\u00fccher geben mir die M\u00f6glichkeit diese Fragen zu stellen und in den unterschiedlichsten Formen zu beantworten. Dabei gibt mir der Fantasy und Science-Fiction Bereich die M\u00f6glichkeit, mich ganz auf die Story zu konzentrieren und Berge, W\u00fcsten oder auch Meere dort zu platzieren, wo sie in die Geschichte passen und nicht, wo sie real vorhanden sind.<\/p>\n<p>Eine wichtige Rolle beim entstehen der B\u00fccher spielt f\u00fcr mich auch Musik, f\u00fcr mich ist ein Leben ohne Musik m\u00f6glich, aber nicht sinnvoll. So genie\u00dfe ich es auf klassische Konzerte zu gehen, aber auch die verschiedensten Formen des Heavy-Metal sind eine Inspiration f\u00fcr mich. Gerade die Texte einiger Bands, greifen die Frage nach dem Guten und B\u00f6sen auf, die auch ich mir stelle und die in meinen B\u00fcchern wieder zu finden sind.<\/p>\n<\/div><\/section><\/div>","protected":false},"excerpt":{"rendered":"","protected":false},"author":1,"featured_media":0,"parent":0,"menu_order":0,"comment_status":"closed","ping_status":"closed","template":"","meta":{"footnotes":""},"class_list":["post-29","page","type-page","status-publish","hentry"],"_links":{"self":[{"href":"https:\/\/rafael-leng.de\/index.php?rest_route=\/wp\/v2\/pages\/29","targetHints":{"allow":["GET"]}}],"collection":[{"href":"https:\/\/rafael-leng.de\/index.php?rest_route=\/wp\/v2\/pages"}],"about":[{"href":"https:\/\/rafael-leng.de\/index.php?rest_route=\/wp\/v2\/types\/page"}],"author":[{"embeddable":true,"href":"https:\/\/rafael-leng.de\/index.php?rest_route=\/wp\/v2\/users\/1"}],"replies":[{"embeddable":true,"href":"https:\/\/rafael-leng.de\/index.php?rest_route=%2Fwp%2Fv2%2Fcomments&post=29"}],"version-history":[{"count":7,"href":"https:\/\/rafael-leng.de\/index.php?rest_route=\/wp\/v2\/pages\/29\/revisions"}],"predecessor-version":[{"id":155,"href":"https:\/\/rafael-leng.de\/index.php?rest_route=\/wp\/v2\/pages\/29\/revisions\/155"}],"wp:attachment":[{"href":"https:\/\/rafael-leng.de\/index.php?rest_route=%2Fwp%2Fv2%2Fmedia&parent=29"}],"curies":[{"name":"wp","href":"https:\/\/api.w.org\/{rel}","templated":true}]}}